{"id":7992,"date":"2022-04-25T08:17:48","date_gmt":"2022-05-05T09:29:03","guid":{"rendered":"https:\/\/www.dev.jardindigital.com\/www.specials.casapilot.com\/product\/casapilot-happy-kids\/"},"modified":"2025-09-04T08:33:04","modified_gmt":"2025-09-04T06:33:04","slug":"casapilot-happy-kids-2","status":"publish","type":"product","link":"https:\/\/specials.casapilot.com\/fr\/produit\/casapilot-happy-kids-2\/","title":{"rendered":"Casapilot Happy Kids"},"content":{"rendered":"<h5>Casapilot Happy Kids<\/h5>\n<h6>Prix par personne<\/h6>\n<p>Par personne est compris :<\/p>\n<ul>\n<li>2 Sandwiches<\/li>\n<li>1 Pain au chocolat<\/li>\n<li>Beurre<\/li>\n<li>Nutella<\/li>\n<li>Kellogg\u2019s<\/li>\n<li>Cecemel<\/li>\n<li>Lait<\/li>\n<li>Mini cr\u00eapes ou autres<\/li>\n<\/ul>\n<h6>Toutes les commandes doivent \u00eatre pass\u00e9es au moins 48h avant l&rsquo;arriv\u00e9e.<\/h6>\n","protected":false},"excerpt":{"rendered":"<p>Prix par personne.<br \/>\nToutes les commandes doivent \u00eatre pass\u00e9es au moins 48h avant l&rsquo;arriv\u00e9e.<\/p>\n","protected":false},"featured_media":8229,"template":"","meta":[],"product_cat":[110],"product_tag":[107],"aioseo_notices":[],"_links":{"self":[{"href":"https:\/\/specials.casapilot.com\/fr\/wp-json\/wp\/v2\/product\/7992"}],"collection":[{"href":"https:\/\/specials.casapilot.com\/fr\/wp-json\/wp\/v2\/product"}],"about":[{"href":"https:\/\/specials.casapilot.com\/fr\/wp-json\/wp\/v2\/types\/product"}],"version-history":[{"count":5,"href":"https:\/\/specials.casapilot.com\/fr\/wp-json\/wp\/v2\/product\/7992\/revisions"}],"predecessor-version":[{"id":9308,"href":"https:\/\/specials.casapilot.com\/fr\/wp-json\/wp\/v2\/product\/7992\/revisions\/9308"}],"wp:featuredmedia":[{"embeddable":true,"href":"https:\/\/specials.casapilot.com\/fr\/wp-json\/wp\/v2\/media\/8229"}],"wp:attachment":[{"href":"https:\/\/specials.casapilot.com\/fr\/wp-json\/wp\/v2\/media?parent=7992"}],"wp:term":[{"taxonomy":"product_cat","embeddable":true,"href":"https:\/\/specials.casapilot.com\/fr\/wp-json\/wp\/v2\/product_cat?post=7992"},{"taxonomy":"product_tag","embeddable":true,"href":"https:\/\/specials.casapilot.com\/fr\/wp-json\/wp\/v2\/product_tag?post=7992"}],"curies":[{"name":"wp","href":"https:\/\/api.w.org\/{rel}","templated":true}]}}