{"id":7989,"date":"2022-04-25T08:16:30","date_gmt":"2022-05-05T08:26:25","guid":{"rendered":"https:\/\/www.dev.jardindigital.com\/www.specials.casapilot.com\/product\/casapilot-petit-dejeuner-ardennais\/"},"modified":"2026-03-17T11:42:33","modified_gmt":"2026-03-17T10:42:33","slug":"casapilot-petit-dejeuner-ardennais","status":"publish","type":"product","link":"https:\/\/specials.casapilot.com\/fr\/produit\/casapilot-petit-dejeuner-ardennais\/","title":{"rendered":"Casapilot Petit-d\u00e9jeuner ardennais"},"content":{"rendered":"<h5>Casapilot Petit-d\u00e9jeuner ardennais<\/h5>\n<h6>Prix par personne, min. 2 personnes<\/h6>\n<p>Par personne est compris :<br \/>\n\u2022 1 petit pain \/ 1 croissant au beurre \/ 1 pain au chocolat<br \/>\n\u2022 1 tranche de pain multic\u00e9r\u00e9ale<br \/>\n\u2022 Beurre<br \/>\n\u2022 2 sortes de confitures<br \/>\n\u2022 2 tranches de jambon cuit<br \/>\n\u2022 2 tranches de fromage<br \/>\n\u2022 1 yaourt nature bio local<br \/>\n\u2022 250 ml de jus d\u2019orange frais<br \/>\n\u2022 1 fruit<\/p>\n<h6>Toutes les commandes doivent \u00eatre pass\u00e9es au moins 48h avant l&rsquo;arriv\u00e9e.<\/h6>\n","protected":false},"excerpt":{"rendered":"[alg_wc_product_ppq_table table_format=\"vertical\" heading_format=\"\u00e0 partir de %level_min_qty% Pers.\" price_row_format=\"%new_price_single%\"]\n<p>Prix par personne, min. 2 personnes.<br \/>\nToutes les commandes doivent \u00eatre pass\u00e9es au moins 48h avant l&rsquo;arriv\u00e9e.<\/p>\n","protected":false},"featured_media":8223,"template":"","meta":[],"product_cat":[110],"product_tag":[107],"aioseo_notices":[],"_links":{"self":[{"href":"https:\/\/specials.casapilot.com\/fr\/wp-json\/wp\/v2\/product\/7989"}],"collection":[{"href":"https:\/\/specials.casapilot.com\/fr\/wp-json\/wp\/v2\/product"}],"about":[{"href":"https:\/\/specials.casapilot.com\/fr\/wp-json\/wp\/v2\/types\/product"}],"version-history":[{"count":8,"href":"https:\/\/specials.casapilot.com\/fr\/wp-json\/wp\/v2\/product\/7989\/revisions"}],"predecessor-version":[{"id":10071,"href":"https:\/\/specials.casapilot.com\/fr\/wp-json\/wp\/v2\/product\/7989\/revisions\/10071"}],"wp:featuredmedia":[{"embeddable":true,"href":"https:\/\/specials.casapilot.com\/fr\/wp-json\/wp\/v2\/media\/8223"}],"wp:attachment":[{"href":"https:\/\/specials.casapilot.com\/fr\/wp-json\/wp\/v2\/media?parent=7989"}],"wp:term":[{"taxonomy":"product_cat","embeddable":true,"href":"https:\/\/specials.casapilot.com\/fr\/wp-json\/wp\/v2\/product_cat?post=7989"},{"taxonomy":"product_tag","embeddable":true,"href":"https:\/\/specials.casapilot.com\/fr\/wp-json\/wp\/v2\/product_tag?post=7989"}],"curies":[{"name":"wp","href":"https:\/\/api.w.org\/{rel}","templated":true}]}}