{"id":8029,"date":"2022-05-06T08:58:38","date_gmt":"2022-05-06T06:58:38","guid":{"rendered":"https:\/\/www.dev.jardindigital.com\/www.specials.casapilot.com\/impressum\/"},"modified":"2025-09-04T09:02:44","modified_gmt":"2025-09-04T07:02:44","slug":"mentions-legales","status":"publish","type":"page","link":"https:\/\/specials.casapilot.com\/fr\/mentions-legales\/","title":{"rendered":"Mentions l\u00e9gales"},"content":{"rendered":"\t\t<div data-elementor-type=\"wp-page\" data-elementor-id=\"8029\" class=\"elementor elementor-8029 elementor-8019\">\n\t\t\t\t\t\t\t\t\t<section class=\"elementor-section elementor-top-section elementor-element elementor-element-7b875e0 elementor-section-stretched elementor-section-boxed elementor-section-height-default elementor-section-height-default\" data-id=\"7b875e0\" data-element_type=\"section\" data-settings=\"{&quot;stretch_section&quot;:&quot;section-stretched&quot;}\">\n\t\t\t\t\t\t<div class=\"elementor-container elementor-column-gap-extended\">\n\t\t\t\t\t<div class=\"elementor-column elementor-col-100 elementor-top-column elementor-element elementor-element-71cbfdb\" data-id=\"71cbfdb\" data-element_type=\"column\">\n\t\t\t<div class=\"elementor-widget-wrap elementor-element-populated\">\n\t\t\t\t\t\t\t\t<div class=\"elementor-element elementor-element-baf2d6b elementor-widget elementor-widget-heading\" data-id=\"baf2d6b\" data-element_type=\"widget\" data-widget_type=\"heading.default\">\n\t\t\t\t<div class=\"elementor-widget-container\">\n\t\t\t<style>\/*! elementor - v3.6.5 - 27-04-2022 *\/\n.elementor-heading-title{padding:0;margin:0;line-height:1}.elementor-widget-heading .elementor-heading-title[class*=elementor-size-]>a{color:inherit;font-size:inherit;line-height:inherit}.elementor-widget-heading .elementor-heading-title.elementor-size-small{font-size:15px}.elementor-widget-heading .elementor-heading-title.elementor-size-medium{font-size:19px}.elementor-widget-heading .elementor-heading-title.elementor-size-large{font-size:29px}.elementor-widget-heading .elementor-heading-title.elementor-size-xl{font-size:39px}.elementor-widget-heading .elementor-heading-title.elementor-size-xxl{font-size:59px}<\/style><h2 class=\"elementor-heading-title elementor-size-default\">Mentions l\u00e9gales<\/h2>\t\t<\/div>\n\t\t\t\t<\/div>\n\t\t\t\t\t<\/div>\n\t\t<\/div>\n\t\t\t\t\t\t\t<\/div>\n\t\t<\/section>\n\t\t\t\t<section class=\"elementor-section elementor-top-section elementor-element elementor-element-22a2ee8 elementor-section-stretched elementor-section-boxed elementor-section-height-default elementor-section-height-default\" data-id=\"22a2ee8\" data-element_type=\"section\" data-settings=\"{&quot;stretch_section&quot;:&quot;section-stretched&quot;}\">\n\t\t\t\t\t\t<div class=\"elementor-container elementor-column-gap-extended\">\n\t\t\t\t\t<div class=\"elementor-column elementor-col-100 elementor-top-column elementor-element elementor-element-22abb26\" data-id=\"22abb26\" data-element_type=\"column\">\n\t\t\t<div class=\"elementor-widget-wrap\">\n\t\t\t\t\t\t\t\t\t<\/div>\n\t\t<\/div>\n\t\t\t\t\t\t\t<\/div>\n\t\t<\/section>\n\t\t\t\t<section class=\"elementor-section elementor-top-section elementor-element elementor-element-794874d elementor-section-stretched elementor-section-boxed elementor-section-height-default elementor-section-height-default\" data-id=\"794874d\" data-element_type=\"section\" data-settings=\"{&quot;stretch_section&quot;:&quot;section-stretched&quot;}\">\n\t\t\t\t\t\t<div class=\"elementor-container elementor-column-gap-extended\">\n\t\t\t\t\t<div class=\"elementor-column elementor-col-100 elementor-top-column elementor-element elementor-element-ca4e23b\" data-id=\"ca4e23b\" data-element_type=\"column\">\n\t\t\t<div class=\"elementor-widget-wrap elementor-element-populated\">\n\t\t\t\t\t\t\t\t<section class=\"elementor-section elementor-inner-section elementor-element elementor-element-6d4dee0 elementor-section-boxed elementor-section-height-default elementor-section-height-default\" data-id=\"6d4dee0\" data-element_type=\"section\">\n\t\t\t\t\t\t<div class=\"elementor-container elementor-column-gap-default\">\n\t\t\t\t\t<div class=\"elementor-column elementor-col-33 elementor-inner-column elementor-element elementor-element-141e53a\" data-id=\"141e53a\" data-element_type=\"column\">\n\t\t\t<div class=\"elementor-widget-wrap elementor-element-populated\">\n\t\t\t\t\t\t\t\t<div class=\"elementor-element elementor-element-8b2968e elementor-widget elementor-widget-text-editor\" data-id=\"8b2968e\" data-element_type=\"widget\" data-widget_type=\"text-editor.default\">\n\t\t\t\t<div class=\"elementor-widget-container\">\n\t\t\t<style>\/*! elementor - v3.6.5 - 27-04-2022 *\/\n.elementor-widget-text-editor.elementor-drop-cap-view-stacked .elementor-drop-cap{background-color:#818a91;color:#fff}.elementor-widget-text-editor.elementor-drop-cap-view-framed .elementor-drop-cap{color:#818a91;border:3px solid;background-color:transparent}.elementor-widget-text-editor:not(.elementor-drop-cap-view-default) .elementor-drop-cap{margin-top:8px}.elementor-widget-text-editor:not(.elementor-drop-cap-view-default) .elementor-drop-cap-letter{width:1em;height:1em}.elementor-widget-text-editor .elementor-drop-cap{float:left;text-align:center;line-height:1;font-size:50px}.elementor-widget-text-editor .elementor-drop-cap-letter{display:inline-block}<\/style>\t\t\t\t<p style=\"text-align: right;\"><strong>Responsable du contenu<\/strong><\/p>\t\t\t\t\t\t<\/div>\n\t\t\t\t<\/div>\n\t\t\t\t\t<\/div>\n\t\t<\/div>\n\t\t\t\t<div class=\"elementor-column elementor-col-66 elementor-inner-column elementor-element elementor-element-3b69700\" data-id=\"3b69700\" data-element_type=\"column\">\n\t\t\t<div class=\"elementor-widget-wrap elementor-element-populated\">\n\t\t\t\t\t\t\t\t<div class=\"elementor-element elementor-element-c5bd041 elementor-widget elementor-widget-text-editor\" data-id=\"c5bd041\" data-element_type=\"widget\" data-widget_type=\"text-editor.default\">\n\t\t\t\t<div class=\"elementor-widget-container\">\n\t\t\t\t\t\t\t<p>Greenbox S.A.<br \/>\u00cblwenterstrooss 26<br \/>9952 Drinklange<br \/>Luxemburg<\/p><p>info@casapilot.com<br \/>www.casapilot.com<\/p>\t\t\t\t\t\t<\/div>\n\t\t\t\t<\/div>\n\t\t\t\t\t<\/div>\n\t\t<\/div>\n\t\t\t\t\t\t\t<\/div>\n\t\t<\/section>\n\t\t\t\t<section class=\"elementor-section elementor-inner-section elementor-element elementor-element-2a2b65e elementor-section-boxed elementor-section-height-default elementor-section-height-default\" data-id=\"2a2b65e\" data-element_type=\"section\">\n\t\t\t\t\t\t<div class=\"elementor-container elementor-column-gap-default\">\n\t\t\t\t\t<div class=\"elementor-column elementor-col-33 elementor-inner-column elementor-element elementor-element-537fe0d\" data-id=\"537fe0d\" data-element_type=\"column\">\n\t\t\t<div class=\"elementor-widget-wrap elementor-element-populated\">\n\t\t\t\t\t\t\t\t<div class=\"elementor-element elementor-element-ce22416 elementor-widget elementor-widget-text-editor\" data-id=\"ce22416\" data-element_type=\"widget\" data-widget_type=\"text-editor.default\">\n\t\t\t\t<div class=\"elementor-widget-container\">\n\t\t\t\t\t\t\t<p style=\"text-align: right;\"><strong>Registre de commerce<\/strong><\/p>\t\t\t\t\t\t<\/div>\n\t\t\t\t<\/div>\n\t\t\t\t\t<\/div>\n\t\t<\/div>\n\t\t\t\t<div class=\"elementor-column elementor-col-66 elementor-inner-column elementor-element elementor-element-aae489e\" data-id=\"aae489e\" data-element_type=\"column\">\n\t\t\t<div class=\"elementor-widget-wrap elementor-element-populated\">\n\t\t\t\t\t\t\t\t<div class=\"elementor-element elementor-element-8d33484 elementor-widget elementor-widget-text-editor\" data-id=\"8d33484\" data-element_type=\"widget\" data-widget_type=\"text-editor.default\">\n\t\t\t\t<div class=\"elementor-widget-container\">\n\t\t\t\t\t\t\tTribunal d&rsquo;instance RCS Luxembourg: B 158 116\t\t\t\t\t\t<\/div>\n\t\t\t\t<\/div>\n\t\t\t\t\t<\/div>\n\t\t<\/div>\n\t\t\t\t\t\t\t<\/div>\n\t\t<\/section>\n\t\t\t\t<section class=\"elementor-section elementor-inner-section elementor-element elementor-element-649eb3a elementor-section-boxed elementor-section-height-default elementor-section-height-default\" data-id=\"649eb3a\" data-element_type=\"section\">\n\t\t\t\t\t\t<div class=\"elementor-container elementor-column-gap-default\">\n\t\t\t\t\t<div class=\"elementor-column elementor-col-33 elementor-inner-column elementor-element elementor-element-c93e133\" data-id=\"c93e133\" data-element_type=\"column\">\n\t\t\t<div class=\"elementor-widget-wrap elementor-element-populated\">\n\t\t\t\t\t\t\t\t<div class=\"elementor-element elementor-element-1642103 elementor-widget elementor-widget-text-editor\" data-id=\"1642103\" data-element_type=\"widget\" data-widget_type=\"text-editor.default\">\n\t\t\t\t<div class=\"elementor-widget-container\">\n\t\t\t\t\t\t\t<p style=\"text-align: right;\"><strong>Num\u00e9ro de TVA<\/strong><\/p>\t\t\t\t\t\t<\/div>\n\t\t\t\t<\/div>\n\t\t\t\t\t<\/div>\n\t\t<\/div>\n\t\t\t\t<div class=\"elementor-column elementor-col-66 elementor-inner-column elementor-element elementor-element-a8eee2b\" data-id=\"a8eee2b\" data-element_type=\"column\">\n\t\t\t<div class=\"elementor-widget-wrap elementor-element-populated\">\n\t\t\t\t\t\t\t\t<div class=\"elementor-element elementor-element-b4bbc1c elementor-widget elementor-widget-text-editor\" data-id=\"b4bbc1c\" data-element_type=\"widget\" data-widget_type=\"text-editor.default\">\n\t\t\t\t<div class=\"elementor-widget-container\">\n\t\t\t\t\t\t\t<p>LU 24501486<\/p>\t\t\t\t\t\t<\/div>\n\t\t\t\t<\/div>\n\t\t\t\t\t<\/div>\n\t\t<\/div>\n\t\t\t\t\t\t\t<\/div>\n\t\t<\/section>\n\t\t\t\t<section class=\"elementor-section elementor-inner-section elementor-element elementor-element-21df58e elementor-section-boxed elementor-section-height-default elementor-section-height-default\" data-id=\"21df58e\" data-element_type=\"section\">\n\t\t\t\t\t\t<div class=\"elementor-container elementor-column-gap-default\">\n\t\t\t\t\t<div class=\"elementor-column elementor-col-33 elementor-inner-column elementor-element elementor-element-98a9f6c\" data-id=\"98a9f6c\" data-element_type=\"column\">\n\t\t\t<div class=\"elementor-widget-wrap elementor-element-populated\">\n\t\t\t\t\t\t\t\t<div class=\"elementor-element elementor-element-c4785b6 elementor-widget elementor-widget-text-editor\" data-id=\"c4785b6\" data-element_type=\"widget\" data-widget_type=\"text-editor.default\">\n\t\t\t\t<div class=\"elementor-widget-container\">\n\t\t\t\t\t\t\t<p style=\"text-align: right;\"><strong>Direction<\/strong><\/p>\t\t\t\t\t\t<\/div>\n\t\t\t\t<\/div>\n\t\t\t\t\t<\/div>\n\t\t<\/div>\n\t\t\t\t<div class=\"elementor-column elementor-col-66 elementor-inner-column elementor-element elementor-element-89afe4c\" data-id=\"89afe4c\" data-element_type=\"column\">\n\t\t\t<div class=\"elementor-widget-wrap elementor-element-populated\">\n\t\t\t\t\t\t\t\t<div class=\"elementor-element elementor-element-72e0ecb elementor-widget elementor-widget-text-editor\" data-id=\"72e0ecb\" data-element_type=\"widget\" data-widget_type=\"text-editor.default\">\n\t\t\t\t<div class=\"elementor-widget-container\">\n\t\t\t\t\t\t\t<p>Dusty Kukenheim<\/p>\t\t\t\t\t\t<\/div>\n\t\t\t\t<\/div>\n\t\t\t\t\t<\/div>\n\t\t<\/div>\n\t\t\t\t\t\t\t<\/div>\n\t\t<\/section>\n\t\t\t\t<div class=\"elementor-element elementor-element-ab84cc6 elementor-widget elementor-widget-text-editor\" data-id=\"ab84cc6\" data-element_type=\"widget\" data-widget_type=\"text-editor.default\">\n\t\t\t\t<div class=\"elementor-widget-container\">\n\t\t\t\t\t\t\t<p>Toutes les informations et donn\u00e9es reprises dans notre site Web ont \u00e9t\u00e9 soigneusement contr\u00f4l\u00e9es et v\u00e9rifi\u00e9es par Casapilot (Greenbox S.A.). Ces informations constituent un service de l\u02bcentreprise. Casapilot ne peut toutefois pas \u00eatre tenue pour responsable de l\u02bcexactitude, de l\u02bcexhaustivit\u00e9 et de l\u02bcactualit\u00e9 de ces informations.<\/p><p>Toutes les informations sont exclusivement destin\u00e9es \u00e0 informer le visiteur sur l\u02bcoffre pr\u00e9sent\u00e9e en ligne. En outre, la responsabilit\u00e9 est limit\u00e9e aux cas de n\u00e9gligence grave et intentionnels. Les fournisseurs respectifs sont responsables des sites Web tiers auxquels Casapilot renvoie par hyperlien. Casapilot n\u02bcest pas responsable du contenu de ces sites tiers.<\/p><p>Il se peut par ailleurs qu\u02bcun autre site renvoie \u00e0 Casapilot sans que l\u02bcentreprise ne le sache. Casapilot ne peut \u00eatre tenue responsable de la pr\u00e9sentation, du contenu ou de toute liaison \u00e0 Casapilot dans les sites Web de tierces parties.<\/p><p>Casapilot se r\u00e9serve en outre le droit de modifier ou de compl\u00e9ter les informations mises \u00e0 disposition. Le contenu et la structure du site Web de Casapilot sont prot\u00e9g\u00e9s par des droits d\u02bcauteur. La reproduction des contenus ou des donn\u00e9es, en particulier l\u02bcutilisation des textes, des parties de texte ou du mat\u00e9riel imag\u00e9 sans l\u02bcautorisation \u00e9crite pr\u00e9alable de Casapilot est interdite.<\/p><p>Ce site Web utilise Google Analytics, un service d\u02bcanalyse en ligne de Google Inc. (\u00ab Google \u00bb). Google Analytics utilise des \u00ab Cookies \u00bb, des fichiers textuels qui sont enregistr\u00e9s sur votre ordinateur et qui permettent d\u02bcanalyser votre utilisation du site Web. Les informations recueillies par le cookie Google Analytics sur votre utilisation de ce site Web (dont votre adresse IP) sont transmises et stock\u00e9es dans un serveur de Google Inc. aux Etats-Unis. Google utilisera ces donn\u00e9es pour analyser votre utilisation du site Web, pour r\u00e9diger des rapports sur les activit\u00e9s du site Web pour les exploitants du site et pour proposer d\u02bcautres services relatifs \u00e0 l\u02bcutilisation du site Web et d\u02bcInternet. Google peut transmettre ces informations \u00e0 des tiers conform\u00e9ment aux dispositions l\u00e9gales ou si ces tierces parties traitent lesdites informations pour le compte de Google. Vous pouvez emp\u00eacher l\u02bcinstallation des cookies dans les param\u00e8tres de votre navigateur. Nous vous informons toutefois que dans ce cas, vous ne pourrez pas utiliser pleinement toutes les fonctions du site Web. En utilisant ce site Web, vous marquez votre accord pour que vos donn\u00e9es soient trait\u00e9es par Google de la mani\u00e8re et aux fins susmentionn\u00e9es.<\/p>\t\t\t\t\t\t<\/div>\n\t\t\t\t<\/div>\n\t\t\t\t<section class=\"elementor-section elementor-inner-section elementor-element elementor-element-0c6329a elementor-section-boxed elementor-section-height-default elementor-section-height-default\" data-id=\"0c6329a\" data-element_type=\"section\">\n\t\t\t\t\t\t<div class=\"elementor-container elementor-column-gap-default\">\n\t\t\t\t\t<div class=\"elementor-column elementor-col-33 elementor-inner-column elementor-element elementor-element-09c5be0\" data-id=\"09c5be0\" data-element_type=\"column\">\n\t\t\t<div class=\"elementor-widget-wrap elementor-element-populated\">\n\t\t\t\t\t\t\t\t<div class=\"elementor-element elementor-element-38b323b elementor-widget elementor-widget-text-editor\" data-id=\"38b323b\" data-element_type=\"widget\" data-widget_type=\"text-editor.default\">\n\t\t\t\t<div class=\"elementor-widget-container\">\n\t\t\t\t\t\t\t<p style=\"text-align: right;\"><strong><span class=\"VIiyi\" lang=\"fr\"><span class=\"JLqJ4b ChMk0b\"><span class=\"Q4iAWc\">CONCEPTION &amp; R\u00c9ALISATION<\/span><\/span><\/span><\/strong><\/p>\t\t\t\t\t\t<\/div>\n\t\t\t\t<\/div>\n\t\t\t\t\t<\/div>\n\t\t<\/div>\n\t\t\t\t<div class=\"elementor-column elementor-col-66 elementor-inner-column elementor-element elementor-element-38e7790\" data-id=\"38e7790\" data-element_type=\"column\">\n\t\t\t<div class=\"elementor-widget-wrap elementor-element-populated\">\n\t\t\t\t\t\t\t\t<div class=\"elementor-element elementor-element-5bb51b9 elementor-widget elementor-widget-text-editor\" data-id=\"5bb51b9\" data-element_type=\"widget\" data-widget_type=\"text-editor.default\">\n\t\t\t\t<div class=\"elementor-widget-container\">\n\t\t\t\t\t\t\t<p>Die Designagentur \u2013 Leifgen |\u00a0<a href=\"https:\/\/www.designagentur.be\/\" target=\"_blank\" rel=\"noopener\">www.designagentur.be<\/a><\/p>\t\t\t\t\t\t<\/div>\n\t\t\t\t<\/div>\n\t\t\t\t\t<\/div>\n\t\t<\/div>\n\t\t\t\t\t\t\t<\/div>\n\t\t<\/section>\n\t\t\t\t\t<\/div>\n\t\t<\/div>\n\t\t\t\t\t\t\t<\/div>\n\t\t<\/section>\n\t\t\t\t\t\t\t<\/div>\n\t\t","protected":false},"excerpt":{"rendered":"<p>Mentions l\u00e9gales Responsable du contenu Greenbox S.A. \u00cblwenterstrooss 26 9952 Drinklange Luxemburg info@casapilot.com www.casapilot.com Registre de commerce Tribunal d&rsquo;instance RCS Luxembourg: B 158 116 Num\u00e9ro de TVA LU 24501486 Direction Dusty Kukenheim Toutes les informations et donn\u00e9es reprises dans notre site Web ont \u00e9t\u00e9 soigneusement contr\u00f4l\u00e9es et v\u00e9rifi\u00e9es par Casapilot (Greenbox S.A.). Ces informations constituent &hellip; <br \/><a href=\"https:\/\/specials.casapilot.com\/fr\/mentions-legales\/\" class=\"more-link\">Continue reading <span class=\"screen-reader-text\">Mentions l\u00e9gales<\/span><\/a><\/p>\n","protected":false},"author":1,"featured_media":0,"parent":0,"menu_order":0,"comment_status":"closed","ping_status":"closed","template":"","meta":[],"aioseo_notices":[],"_links":{"self":[{"href":"https:\/\/specials.casapilot.com\/fr\/wp-json\/wp\/v2\/pages\/8029"}],"collection":[{"href":"https:\/\/specials.casapilot.com\/fr\/wp-json\/wp\/v2\/pages"}],"about":[{"href":"https:\/\/specials.casapilot.com\/fr\/wp-json\/wp\/v2\/types\/page"}],"author":[{"embeddable":true,"href":"https:\/\/specials.casapilot.com\/fr\/wp-json\/wp\/v2\/users\/1"}],"replies":[{"embeddable":true,"href":"https:\/\/specials.casapilot.com\/fr\/wp-json\/wp\/v2\/comments?post=8029"}],"version-history":[{"count":14,"href":"https:\/\/specials.casapilot.com\/fr\/wp-json\/wp\/v2\/pages\/8029\/revisions"}],"predecessor-version":[{"id":9945,"href":"https:\/\/specials.casapilot.com\/fr\/wp-json\/wp\/v2\/pages\/8029\/revisions\/9945"}],"wp:attachment":[{"href":"https:\/\/specials.casapilot.com\/fr\/wp-json\/wp\/v2\/media?parent=8029"}],"curies":[{"name":"wp","href":"https:\/\/api.w.org\/{rel}","templated":true}]}}