{"id":7977,"date":"2022-04-20T16:36:55","date_gmt":"2022-04-20T14:36:55","guid":{"rendered":"https:\/\/www.dev.jardindigital.com\/www.specials.casapilot.com\/home-00\/"},"modified":"2023-04-12T14:59:20","modified_gmt":"2023-04-12T12:59:20","slug":"home-00","status":"publish","type":"page","link":"https:\/\/specials.casapilot.com\/fr\/","title":{"rendered":"Home"},"content":{"rendered":"\t\t<div data-elementor-type=\"wp-page\" data-elementor-id=\"7977\" class=\"elementor elementor-7977 elementor-7017\">\n\t\t\t\t\t\t\t\t\t<section class=\"elementor-section elementor-top-section elementor-element elementor-element-cf3cee2 elementor-section-stretched elementor-section-boxed elementor-section-height-default elementor-section-height-default\" data-id=\"cf3cee2\" data-element_type=\"section\" data-settings=\"{&quot;stretch_section&quot;:&quot;section-stretched&quot;,&quot;background_background&quot;:&quot;classic&quot;}\">\n\t\t\t\t\t\t<div class=\"elementor-container elementor-column-gap-extended\">\n\t\t\t\t\t<div class=\"elementor-column elementor-col-100 elementor-top-column elementor-element elementor-element-4c20405\" data-id=\"4c20405\" data-element_type=\"column\">\n\t\t\t<div class=\"elementor-widget-wrap elementor-element-populated\">\n\t\t\t\t\t\t\t\t<div class=\"elementor-element elementor-element-eb33342 elementor-widget elementor-widget-apus_element_revslider\" data-id=\"eb33342\" data-element_type=\"widget\" data-widget_type=\"apus_element_revslider.default\">\n\t\t\t\t<div class=\"elementor-widget-container\">\n\t\t\t        <div class=\"widget-revslider \">\n            \n\t\t\t<!-- START 202202 FR REVOLUTION SLIDER 6.5.19 --><p class=\"rs-p-wp-fix\"><\/p>\n\t\t\t<rs-module-wrap id=\"rev_slider_30_1_wrapper\" data-source=\"gallery\" style=\"visibility:hidden;background:transparent;padding:0;margin:0px auto;margin-top:0;margin-bottom:0;\">\n\t\t\t\t<rs-module id=\"rev_slider_30_1\" style=\"\" data-version=\"6.5.19\">\n\t\t\t\t\t<rs-slides>\n\t\t\t\t\t\t<rs-slide style=\"position: absolute;\" data-key=\"rs-63\" data-title=\"Slide\" data-anim=\"e:slidingoverlay;ms:1000ms;\" data-in=\"o:1;x:100%;\" data-out=\"a:false;\">\n\t\t\t\t\t\t\t<img loading=\"lazy\" src=\"\/\/specials.casapilot.com\/wp-content\/plugins\/revslider\/public\/assets\/assets\/dummy.png\" alt=\"\" title=\"Casapilot_Specials_Slider1_neu\" width=\"1410\" height=\"600\" class=\"rev-slidebg tp-rs-img rs-lazyload\" data-lazyload=\"\/\/specials.casapilot.com\/wp-content\/uploads\/2022\/05\/Casapilot_Specials_Slider1_neu.jpg\" data-bg=\"p:center top;f:auto;\" data-no-retina>\n<!--\n\t\t\t\t\t\t\t--><rs-layer\n\t\t\t\t\t\t\t\tid=\"slider-30-slide-63-layer-0\" \n\t\t\t\t\t\t\t\tdata-type=\"shape\"\n\t\t\t\t\t\t\t\tdata-xy=\"xo:557px,502px,277px,126px;yo:129px,142px,82px,60px;\"\n\t\t\t\t\t\t\t\tdata-text=\"w:normal;\"\n\t\t\t\t\t\t\t\tdata-dim=\"w:40px;h:2px;\"\n\t\t\t\t\t\t\t\tdata-rsp_bd=\"off\"\n\t\t\t\t\t\t\t\tdata-frame_0=\"x:-50;\"\n\t\t\t\t\t\t\t\tdata-frame_1=\"st:1020;sp:600;sR:1020;\"\n\t\t\t\t\t\t\t\tdata-frame_999=\"o:0;st:w;sR:7380;\"\n\t\t\t\t\t\t\t\tstyle=\"z-index:8;background-color:#ffffff;\"\n\t\t\t\t\t\t\t> \n\t\t\t\t\t\t\t<\/rs-layer><!--\n\n\t\t\t\t\t\t\t--><rs-layer\n\t\t\t\t\t\t\t\tid=\"slider-30-slide-63-layer-1\" \n\t\t\t\t\t\t\t\tdata-type=\"text\"\n\t\t\t\t\t\t\t\tdata-color=\"#059dc9\"\n\t\t\t\t\t\t\t\tdata-xy=\"x:l,l,l,c;xo:610px,545px,322px,12px;yo:113px,123px,65px,43px;\"\n\t\t\t\t\t\t\t\tdata-text=\"w:normal;s:14;l:14;a:inherit;\"\n\t\t\t\t\t\t\t\tdata-rsp_bd=\"off\"\n\t\t\t\t\t\t\t\tdata-padding=\"t:10;r:10;b:10;l:10;\"\n\t\t\t\t\t\t\t\tdata-frame_0=\"x:50;\"\n\t\t\t\t\t\t\t\tdata-frame_1=\"st:1510;sp:600;sR:1510;\"\n\t\t\t\t\t\t\t\tdata-frame_999=\"o:0;st:w;sR:6890;\"\n\t\t\t\t\t\t\t\tstyle=\"z-index:9;background-color:#ffffff;font-family:'Jost';\"\n\t\t\t\t\t\t\t>OFFRE PETIT D\u00c9JEUNER \n\t\t\t\t\t\t\t<\/rs-layer><!--\n\n\t\t\t\t\t\t\t--><rs-layer\n\t\t\t\t\t\t\t\tid=\"slider-30-slide-63-layer-2\" \n\t\t\t\t\t\t\t\tdata-type=\"text\"\n\t\t\t\t\t\t\t\tdata-color=\"#059dc9\"\n\t\t\t\t\t\t\t\tdata-xy=\"x:l,l,l,c;xo:442px,391px,170px,2px;yo:262px,274px,275px,184px;\"\n\t\t\t\t\t\t\t\tdata-text=\"w:normal;s:35,31,31,24;l:44,45,45,40;fw:600;a:center;\"\n\t\t\t\t\t\t\t\tdata-rsp_bd=\"off\"\n\t\t\t\t\t\t\t\tdata-padding=\"r:10;l:10;\"\n\t\t\t\t\t\t\t\tdata-frame_1=\"e:power4.inOut;st:2020;sp:600;sR:2020;\"\n\t\t\t\t\t\t\t\tdata-frame_1_sfx=\"se:blocktoright;\"\n\t\t\t\t\t\t\t\tdata-frame_999=\"o:0;st:w;sR:6380;\"\n\t\t\t\t\t\t\t\tstyle=\"z-index:11;background-color:#ffffff;font-family:'Jost';\"\n\t\t\t\t\t\t\t>SIMPLE, RAPIDE, DELICIEUX \n\t\t\t\t\t\t\t<\/rs-layer><!--\n\n\t\t\t\t\t\t\t--><a\n\t\t\t\t\t\t\t\tid=\"slider-30-slide-63-layer-3\" \n\t\t\t\t\t\t\t\tclass=\"rs-layer rev-btn\"\n\t\t\t\t\t\t\t\thref=\"https:\/\/specials.casapilot.com\/shop\/?lang=fr\" target=\"_self\"\n\t\t\t\t\t\t\t\tdata-type=\"button\"\n\t\t\t\t\t\t\t\tdata-xy=\"x:l,l,l,c;xo:596px,525px,318px,0;yo:392px,377px,356px,270px;\"\n\t\t\t\t\t\t\t\tdata-text=\"w:normal;s:13;l:50,50,40,40;fw:600;\"\n\t\t\t\t\t\t\t\tdata-dim=\"minh:0px,none,none,none;\"\n\t\t\t\t\t\t\t\tdata-rsp_bd=\"off\"\n\t\t\t\t\t\t\t\tdata-padding=\"r:40,40,25,25;l:40,40,25,25;\"\n\t\t\t\t\t\t\t\tdata-frame_1=\"e:power4.inOut;st:2550;sp:600;sR:2550;\"\n\t\t\t\t\t\t\t\tdata-frame_1_sfx=\"se:blocktobottom;\"\n\t\t\t\t\t\t\t\tdata-frame_999=\"o:0;st:w;sR:5850;\"\n\t\t\t\t\t\t\t\tdata-frame_hover=\"c:#000;bgc:#fff;bor:0px,0px,0px,0px;sp:200;e:power1.inOut;\"\n\t\t\t\t\t\t\t\tstyle=\"z-index:12;background-color:#059dc9;font-family:'Jost';\"\n\t\t\t\t\t\t\t>COMMANDER  \n\t\t\t\t\t\t\t<\/a><!--\n\n\t\t\t\t\t\t\t--><rs-layer\n\t\t\t\t\t\t\t\tid=\"slider-30-slide-63-layer-4\" \n\t\t\t\t\t\t\t\tdata-type=\"text\"\n\t\t\t\t\t\t\t\tdata-color=\"#059dc9\"\n\t\t\t\t\t\t\t\tdata-xy=\"x:l,l,l,c;xo:496px,438px,220px,-1px;yo:172px,194px,154px,116px;\"\n\t\t\t\t\t\t\t\tdata-text=\"w:normal;s:35,31,31,22;l:33,32,32,26;fw:600;a:center;\"\n\t\t\t\t\t\t\t\tdata-rsp_bd=\"off\"\n\t\t\t\t\t\t\t\tdata-padding=\"r:10;l:10;\"\n\t\t\t\t\t\t\t\tdata-frame_1=\"e:power4.inOut;st:2020;sp:600;sR:2020;\"\n\t\t\t\t\t\t\t\tdata-frame_1_sfx=\"se:blocktoright;\"\n\t\t\t\t\t\t\t\tdata-frame_999=\"o:0;st:w;sR:6380;\"\n\t\t\t\t\t\t\t\tstyle=\"z-index:10;background-color:#ffffff;font-family:'Jost';\"\n\t\t\t\t\t\t\t>COMMANDER <br \/>\nUN PETIT DEJEUNER :<br \/>\n \n\t\t\t\t\t\t\t<\/rs-layer><!--\n-->\t\t\t\t\t\t<\/rs-slide>\n\t\t\t\t\t<\/rs-slides>\n\t\t\t\t<\/rs-module>\n\t\t\t\t<script>\n\t\t\t\t\tsetREVStartSize({c: 'rev_slider_30_1',rl:[1240,1024,778,480],el:[600,600,500,400],gw:[1410,1200,778,480],gh:[600,600,500,400],type:'standard',justify:'',layout:'fullwidth',mh:\"0\"});if (window.RS_MODULES!==undefined && window.RS_MODULES.modules!==undefined && window.RS_MODULES.modules[\"revslider301\"]!==undefined) {window.RS_MODULES.modules[\"revslider301\"].once = false;window.revapi30 = undefined;if (window.RS_MODULES.checkMinimal!==undefined) window.RS_MODULES.checkMinimal()}\n\t\t\t\t<\/script>\n\t\t\t<\/rs-module-wrap>\n\t\t\t<!-- END REVOLUTION SLIDER -->\n        <\/div>\n        \t\t<\/div>\n\t\t\t\t<\/div>\n\t\t\t\t\t<\/div>\n\t\t<\/div>\n\t\t\t\t\t\t\t<\/div>\n\t\t<\/section>\n\t\t\t\t<section class=\"elementor-section elementor-top-section elementor-element elementor-element-d55727d elementor-section-stretched elementor-section-boxed elementor-section-height-default elementor-section-height-default\" data-id=\"d55727d\" data-element_type=\"section\" data-settings=\"{&quot;stretch_section&quot;:&quot;section-stretched&quot;}\">\n\t\t\t\t\t\t<div class=\"elementor-container elementor-column-gap-extended\">\n\t\t\t\t\t<div class=\"elementor-column elementor-col-100 elementor-top-column elementor-element elementor-element-32b9665\" data-id=\"32b9665\" data-element_type=\"column\">\n\t\t\t<div class=\"elementor-widget-wrap elementor-element-populated\">\n\t\t\t\t\t\t\t\t<div class=\"elementor-element elementor-element-881e084 elementor-widget elementor-widget-apus_element_features_box\" data-id=\"881e084\" data-element_type=\"widget\" data-settings=\"{&quot;columns&quot;:3,&quot;slides_to_scroll&quot;:3}\" data-widget_type=\"apus_element_features_box.default\">\n\t\t\t\t<div class=\"elementor-widget-container\">\n\t\t\t            <div class=\"widget-features-box \">\n                                    \n                    <div class=\"slick-carousel hidden-dot\"\n                         data-items=\"3\" data-smallmedium=\"2\" data-extrasmall=\"1\" data-slidestoscroll=\"3\" data-slidestoscroll_smallmedium=\"2\" data-slidestoscroll_extrasmall=\"1\" data-pagination=\"true\" data-nav=\"false\" data-infinite=\"true\" data-autoplay=\"true\">\n\n                                                    <div class=\"item\">\n                                <div class=\"item-inner-features style3\">\n\n                                    <div class=\"features-box-image icon\"><i class=\"ti-shopping-cart\"><\/i><\/div><div class=\"features-box-content\"><h3 class=\"title\">R\u00c9SERVATION EN LIGNE<\/h3><div class=\"description\">Choisissez entre 3 formules de petit-d\u00e9jeuner et commandez en ligne via Casapilot.<\/div><\/div>\n                                <\/div>\n                            <\/div>\n                                                    <div class=\"item\">\n                                <div class=\"item-inner-features style3\">\n\n                                    <div class=\"features-box-image icon\"><i class=\"flaticon-shipping\"><\/i><\/div><div class=\"features-box-content\"><h3 class=\"title\">LIVRAISON GRATUITE<\/h3><div class=\"description\">Dans votre maison de vacances pour des vacances parfaites.<\/div><\/div>\n                                <\/div>\n                            <\/div>\n                                                    <div class=\"item\">\n                                <div class=\"item-inner-features style3\">\n\n                                    <div class=\"features-box-image icon\"><i class=\"ti-crown\"><\/i><\/div><div class=\"features-box-content\"><h3 class=\"title\">highest quality food<\/h3><div class=\"description\">Des produits r\u00e9gionaux issus d'une production durable.<\/div><\/div>\n                                <\/div>\n                            <\/div>\n                                            <\/div>\n                            <\/div>\n            \t\t<\/div>\n\t\t\t\t<\/div>\n\t\t\t\t\t<\/div>\n\t\t<\/div>\n\t\t\t\t\t\t\t<\/div>\n\t\t<\/section>\n\t\t\t\t<section class=\"elementor-section elementor-top-section elementor-element elementor-element-51baed2 elementor-section-stretched elementor-section-content-middle elementor-section-boxed elementor-section-height-default elementor-section-height-default\" data-id=\"51baed2\" data-element_type=\"section\" data-settings=\"{&quot;stretch_section&quot;:&quot;section-stretched&quot;}\">\n\t\t\t\t\t\t<div class=\"elementor-container elementor-column-gap-extended\">\n\t\t\t\t\t<div class=\"elementor-column elementor-col-50 elementor-top-column elementor-element elementor-element-d212f0e\" data-id=\"d212f0e\" data-element_type=\"column\">\n\t\t\t<div class=\"elementor-widget-wrap elementor-element-populated\">\n\t\t\t\t\t\t\t\t<div class=\"elementor-element elementor-element-799981e elementor-widget elementor-widget-heading\" data-id=\"799981e\" data-element_type=\"widget\" data-widget_type=\"heading.default\">\n\t\t\t\t<div class=\"elementor-widget-container\">\n\t\t\t<style>\/*! elementor - v3.6.5 - 27-04-2022 *\/\n.elementor-heading-title{padding:0;margin:0;line-height:1}.elementor-widget-heading .elementor-heading-title[class*=elementor-size-]>a{color:inherit;font-size:inherit;line-height:inherit}.elementor-widget-heading .elementor-heading-title.elementor-size-small{font-size:15px}.elementor-widget-heading .elementor-heading-title.elementor-size-medium{font-size:19px}.elementor-widget-heading .elementor-heading-title.elementor-size-large{font-size:29px}.elementor-widget-heading .elementor-heading-title.elementor-size-xl{font-size:39px}.elementor-widget-heading .elementor-heading-title.elementor-size-xxl{font-size:59px}<\/style><h2 class=\"elementor-heading-title elementor-size-default\">NOS OFFRES<\/h2>\t\t<\/div>\n\t\t\t\t<\/div>\n\t\t\t\t\t<\/div>\n\t\t<\/div>\n\t\t\t\t<div class=\"elementor-column elementor-col-50 elementor-top-column elementor-element elementor-element-a2a2e53\" data-id=\"a2a2e53\" data-element_type=\"column\">\n\t\t\t<div class=\"elementor-widget-wrap\">\n\t\t\t\t\t\t\t\t\t<\/div>\n\t\t<\/div>\n\t\t\t\t\t\t\t<\/div>\n\t\t<\/section>\n\t\t\t\t<section class=\"elementor-section elementor-top-section elementor-element elementor-element-b175146 elementor-section-stretched elementor-section-boxed elementor-section-height-default elementor-section-height-default\" data-id=\"b175146\" data-element_type=\"section\" data-settings=\"{&quot;stretch_section&quot;:&quot;section-stretched&quot;,&quot;background_background&quot;:&quot;classic&quot;}\">\n\t\t\t\t\t\t<div class=\"elementor-container elementor-column-gap-extended\">\n\t\t\t\t\t<div class=\"elementor-column elementor-col-100 elementor-top-column elementor-element elementor-element-be880cf\" data-id=\"be880cf\" data-element_type=\"column\">\n\t\t\t<div class=\"elementor-widget-wrap elementor-element-populated\">\n\t\t\t\t\t\t\t\t<div class=\"elementor-element elementor-element-220ec72 elementor-widget elementor-widget-apus_element_woo_products\" data-id=\"220ec72\" data-element_type=\"widget\" data-settings=\"{&quot;columns&quot;:&quot;4&quot;,&quot;slides_to_scroll&quot;:1}\" data-widget_type=\"apus_element_woo_products.default\">\n\t\t\t\t<div class=\"elementor-widget-container\">\n\t\t\t        <div class=\"woocommerce widget-products inner-v21 \">\n                        <div class=\"widget-content carousel\">\n                \n                \n<div class=\"slick-carousel products  \"  \n    data-items=\"4\" data-smallmedium=\"3\" data-extrasmall=\"2\" data-slidestoscroll=\"1\" data-slidestoscroll_smallmedium=\"1\" data-slidestoscroll_extrasmall=\"1\" data-pagination=\"false\" data-nav=\"true\" data-infinite=\"true\" data-autoplay=\"true\" data-rows=\"1\">\n\n\n                <div class=\"item\">\n            <div class=\"product clearfix\">\n                <div class=\"product-block grid-v21\" data-product-id=\"7992\">\n    <div class=\"grid-inner\">\n        <div class=\"block-inner\">\n            <figure class=\"image\">\n                        <a title=\"Casapilot Happy Kids\" href=\"https:\/\/specials.casapilot.com\/fr\/produit\/casapilot-happy-kids-2\/\" class=\"product-image\">\n            <img loading=\"lazy\" width=\"300\" height=\"300\" src=\"data:image\/svg+xml;charset=utf-8,%3Csvg%20xmlns%3D&#039;http%3A%2F%2Fwww.w3.org%2F2000%2Fsvg&#039;%20viewBox%3D&#039;0%200%20300%20300&#039;%2F%3E\" class=\"attachment-woocommerce_thumbnail size-woocommerce_thumbnail image-no-effect unveil-image\" alt=\"\" data-src=\"https:\/\/specials.casapilot.com\/wp-content\/uploads\/2022\/04\/casapilot-fruehstueck-02-1-300x300.jpg\" data-srcset=\"https:\/\/specials.casapilot.com\/wp-content\/uploads\/2022\/04\/casapilot-fruehstueck-02-1-300x300.jpg 300w, https:\/\/specials.casapilot.com\/wp-content\/uploads\/2022\/04\/casapilot-fruehstueck-02-1-150x150.jpg 150w, https:\/\/specials.casapilot.com\/wp-content\/uploads\/2022\/04\/casapilot-fruehstueck-02-1-410x410.jpg 410w, https:\/\/specials.casapilot.com\/wp-content\/uploads\/2022\/04\/casapilot-fruehstueck-02-1-160x160.jpg 160w\" data-sizes=\"(max-width: 300px) 100vw, 300px\" \/>        <\/a>\n                    <\/figure>\n                    <\/div>\n        <div class=\"metas clearfix\">\n            <div class=\"flex\">\n                <div class=\"clearfix\">\n                    \n                            <div class=\"product-cat\">\n        <a href=\"https:\/\/specials.casapilot.com\/fr\/categories-de-produits\/petit-dejeuner\/\">Petit-d\u00e9jeuner<\/a>        <\/div>\n    \n                    <h3 class=\"name\"><a href=\"https:\/\/specials.casapilot.com\/fr\/produit\/casapilot-happy-kids-2\/\">Casapilot Happy Kids<\/a><\/h3>\n                        \n                <\/div>\n                <div class=\"ali-right\">\n                                    <\/div>\n            <\/div>\n        <\/div>\n    <\/div>\n<\/div>            <\/div>\n        <\/div>\n            <div class=\"item\">\n            <div class=\"product clearfix\">\n                <div class=\"product-block grid-v21\" data-product-id=\"7989\">\n    <div class=\"grid-inner\">\n        <div class=\"block-inner\">\n            <figure class=\"image\">\n                        <a title=\"Casapilot Petit-d\u00e9jeuner ardennais\" href=\"https:\/\/specials.casapilot.com\/fr\/produit\/casapilot-petit-dejeuner-ardennais\/\" class=\"product-image\">\n            <img loading=\"lazy\" width=\"300\" height=\"300\" src=\"data:image\/svg+xml;charset=utf-8,%3Csvg%20xmlns%3D&#039;http%3A%2F%2Fwww.w3.org%2F2000%2Fsvg&#039;%20viewBox%3D&#039;0%200%20300%20300&#039;%2F%3E\" class=\"attachment-woocommerce_thumbnail size-woocommerce_thumbnail image-no-effect unveil-image\" alt=\"\" data-src=\"https:\/\/specials.casapilot.com\/wp-content\/uploads\/2022\/04\/casapilot-fruehstueck-01-300x300.jpg\" data-srcset=\"https:\/\/specials.casapilot.com\/wp-content\/uploads\/2022\/04\/casapilot-fruehstueck-01-300x300.jpg 300w, https:\/\/specials.casapilot.com\/wp-content\/uploads\/2022\/04\/casapilot-fruehstueck-01-150x150.jpg 150w, https:\/\/specials.casapilot.com\/wp-content\/uploads\/2022\/04\/casapilot-fruehstueck-01-410x410.jpg 410w, https:\/\/specials.casapilot.com\/wp-content\/uploads\/2022\/04\/casapilot-fruehstueck-01-160x160.jpg 160w\" data-sizes=\"(max-width: 300px) 100vw, 300px\" \/>        <\/a>\n                    <\/figure>\n                    <\/div>\n        <div class=\"metas clearfix\">\n            <div class=\"flex\">\n                <div class=\"clearfix\">\n                    \n                            <div class=\"product-cat\">\n        <a href=\"https:\/\/specials.casapilot.com\/fr\/categories-de-produits\/petit-dejeuner\/\">Petit-d\u00e9jeuner<\/a>        <\/div>\n    \n                    <h3 class=\"name\"><a href=\"https:\/\/specials.casapilot.com\/fr\/produit\/casapilot-petit-dejeuner-ardennais\/\">Casapilot Petit-d\u00e9jeuner ardennais<\/a><\/h3>\n                        \n                <\/div>\n                <div class=\"ali-right\">\n                                    <\/div>\n            <\/div>\n        <\/div>\n    <\/div>\n<\/div>            <\/div>\n        <\/div>\n            <div class=\"item\">\n            <div class=\"product clearfix\">\n                <div class=\"product-block grid-v21\" data-product-id=\"7991\">\n    <div class=\"grid-inner\">\n        <div class=\"block-inner\">\n            <figure class=\"image\">\n                        <a title=\"Casapilot Petit-d\u00e9jeuner Deluxe\" href=\"https:\/\/specials.casapilot.com\/fr\/produit\/casapilot-petit-dejeuner-deluxe\/\" class=\"product-image\">\n            <img loading=\"lazy\" width=\"300\" height=\"300\" src=\"data:image\/svg+xml;charset=utf-8,%3Csvg%20xmlns%3D&#039;http%3A%2F%2Fwww.w3.org%2F2000%2Fsvg&#039;%20viewBox%3D&#039;0%200%20300%20300&#039;%2F%3E\" class=\"attachment-woocommerce_thumbnail size-woocommerce_thumbnail image-no-effect unveil-image\" alt=\"\" data-src=\"https:\/\/specials.casapilot.com\/wp-content\/uploads\/2022\/04\/casapilot-fruehstueck-03-1-300x300.jpg\" data-srcset=\"https:\/\/specials.casapilot.com\/wp-content\/uploads\/2022\/04\/casapilot-fruehstueck-03-1-300x300.jpg 300w, https:\/\/specials.casapilot.com\/wp-content\/uploads\/2022\/04\/casapilot-fruehstueck-03-1-150x150.jpg 150w, https:\/\/specials.casapilot.com\/wp-content\/uploads\/2022\/04\/casapilot-fruehstueck-03-1-410x410.jpg 410w, https:\/\/specials.casapilot.com\/wp-content\/uploads\/2022\/04\/casapilot-fruehstueck-03-1-160x160.jpg 160w\" data-sizes=\"(max-width: 300px) 100vw, 300px\" \/>        <\/a>\n                    <\/figure>\n                    <\/div>\n        <div class=\"metas clearfix\">\n            <div class=\"flex\">\n                <div class=\"clearfix\">\n                    \n                            <div class=\"product-cat\">\n        <a href=\"https:\/\/specials.casapilot.com\/fr\/categories-de-produits\/petit-dejeuner\/\">Petit-d\u00e9jeuner<\/a>        <\/div>\n    \n                    <h3 class=\"name\"><a href=\"https:\/\/specials.casapilot.com\/fr\/produit\/casapilot-petit-dejeuner-deluxe\/\">Casapilot Petit-d\u00e9jeuner Deluxe<\/a><\/h3>\n                        \n                <\/div>\n                <div class=\"ali-right\">\n                                    <\/div>\n            <\/div>\n        <\/div>\n    <\/div>\n<\/div>            <\/div>\n        <\/div>\n            <div class=\"item\">\n            <div class=\"product clearfix\">\n                <div class=\"product-block grid-v21\" data-product-id=\"7993\">\n    <div class=\"grid-inner\">\n        <div class=\"block-inner\">\n            <figure class=\"image\">\n                        <a title=\"Casapilot Brunch\" href=\"https:\/\/specials.casapilot.com\/fr\/produit\/casapilot-brunch-2\/\" class=\"product-image\">\n            <img loading=\"lazy\" width=\"300\" height=\"300\" src=\"data:image\/svg+xml;charset=utf-8,%3Csvg%20xmlns%3D&#039;http%3A%2F%2Fwww.w3.org%2F2000%2Fsvg&#039;%20viewBox%3D&#039;0%200%20300%20300&#039;%2F%3E\" class=\"attachment-woocommerce_thumbnail size-woocommerce_thumbnail image-no-effect unveil-image\" alt=\"\" data-src=\"https:\/\/specials.casapilot.com\/wp-content\/uploads\/2022\/04\/casapilot-fruehstueck-04-1-300x300.jpg\" data-srcset=\"https:\/\/specials.casapilot.com\/wp-content\/uploads\/2022\/04\/casapilot-fruehstueck-04-1-300x300.jpg 300w, https:\/\/specials.casapilot.com\/wp-content\/uploads\/2022\/04\/casapilot-fruehstueck-04-1-150x150.jpg 150w, https:\/\/specials.casapilot.com\/wp-content\/uploads\/2022\/04\/casapilot-fruehstueck-04-1-410x410.jpg 410w, https:\/\/specials.casapilot.com\/wp-content\/uploads\/2022\/04\/casapilot-fruehstueck-04-1-160x160.jpg 160w\" data-sizes=\"(max-width: 300px) 100vw, 300px\" \/>        <\/a>\n                    <\/figure>\n                    <\/div>\n        <div class=\"metas clearfix\">\n            <div class=\"flex\">\n                <div class=\"clearfix\">\n                    \n                            <div class=\"product-cat\">\n        <a href=\"https:\/\/specials.casapilot.com\/fr\/categories-de-produits\/petit-dejeuner\/\">Petit-d\u00e9jeuner<\/a>        <\/div>\n    \n                    <h3 class=\"name\"><a href=\"https:\/\/specials.casapilot.com\/fr\/produit\/casapilot-brunch-2\/\">Casapilot Brunch<\/a><\/h3>\n                        \n                <\/div>\n                <div class=\"ali-right\">\n                                    <\/div>\n            <\/div>\n        <\/div>\n    <\/div>\n<\/div>            <\/div>\n        <\/div>\n    <\/div>\n\n            <\/div>\n        <\/div>\n        \t\t<\/div>\n\t\t\t\t<\/div>\n\t\t\t\t<div class=\"elementor-element elementor-element-629d4c9 elementor-widget elementor-widget-text-editor\" data-id=\"629d4c9\" data-element_type=\"widget\" data-widget_type=\"text-editor.default\">\n\t\t\t\t<div class=\"elementor-widget-container\">\n\t\t\t<style>\/*! elementor - v3.6.5 - 27-04-2022 *\/\n.elementor-widget-text-editor.elementor-drop-cap-view-stacked .elementor-drop-cap{background-color:#818a91;color:#fff}.elementor-widget-text-editor.elementor-drop-cap-view-framed .elementor-drop-cap{color:#818a91;border:3px solid;background-color:transparent}.elementor-widget-text-editor:not(.elementor-drop-cap-view-default) .elementor-drop-cap{margin-top:8px}.elementor-widget-text-editor:not(.elementor-drop-cap-view-default) .elementor-drop-cap-letter{width:1em;height:1em}.elementor-widget-text-editor .elementor-drop-cap{float:left;text-align:center;line-height:1;font-size:50px}.elementor-widget-text-editor .elementor-drop-cap-letter{display:inline-block}<\/style>\t\t\t\t<h1 style=\"text-align: center;\">Que vous planifiez des vacances romantiques \u00e0 deux, un week-end en famille ou un voyage de d\u00e9tente entre amis, commander votre petit-d\u00e9jeuner n&rsquo;a jamais \u00e9t\u00e9 aussi simple.<br \/>Laissez-vous g\u00e2ter par de d\u00e9licieux produits de la r\u00e9gion et profitez de vos vacances dans les Ardennes belges.<\/h1>\t\t\t\t\t\t<\/div>\n\t\t\t\t<\/div>\n\t\t\t\t\t<\/div>\n\t\t<\/div>\n\t\t\t\t\t\t\t<\/div>\n\t\t<\/section>\n\t\t\t\t\t\t\t<\/div>\n\t\t","protected":false},"excerpt":{"rendered":"<p>OFFRE PETIT D\u00c9JEUNER SIMPLE, RAPIDE, DELICIEUX COMMANDER COMMANDER UN PETIT DEJEUNER : R\u00c9SERVATION EN LIGNE Choisissez entre 3 formules de petit-d\u00e9jeuner et commandez en ligne via Casapilot. LIVRAISON GRATUITE Dans votre maison de vacances pour des vacances parfaites. highest quality food Des produits r\u00e9gionaux issus d&rsquo;une production durable. NOS OFFRES In den Warenkorb Petit-d\u00e9jeuner Casapilot &hellip; <br \/><a href=\"https:\/\/specials.casapilot.com\/fr\/produit\/casapilot-brunch-2\/\" class=\"more-link\">Continue reading <span class=\"screen-reader-text\">Casapilot Brunch<\/span><\/a><\/p>\n","protected":false},"author":1,"featured_media":0,"parent":0,"menu_order":0,"comment_status":"closed","ping_status":"closed","template":"","meta":[],"aioseo_notices":[],"_links":{"self":[{"href":"https:\/\/specials.casapilot.com\/fr\/wp-json\/wp\/v2\/pages\/7977"}],"collection":[{"href":"https:\/\/specials.casapilot.com\/fr\/wp-json\/wp\/v2\/pages"}],"about":[{"href":"https:\/\/specials.casapilot.com\/fr\/wp-json\/wp\/v2\/types\/page"}],"author":[{"embeddable":true,"href":"https:\/\/specials.casapilot.com\/fr\/wp-json\/wp\/v2\/users\/1"}],"replies":[{"embeddable":true,"href":"https:\/\/specials.casapilot.com\/fr\/wp-json\/wp\/v2\/comments?post=7977"}],"version-history":[{"count":71,"href":"https:\/\/specials.casapilot.com\/fr\/wp-json\/wp\/v2\/pages\/7977\/revisions"}],"predecessor-version":[{"id":9231,"href":"https:\/\/specials.casapilot.com\/fr\/wp-json\/wp\/v2\/pages\/7977\/revisions\/9231"}],"wp:attachment":[{"href":"https:\/\/specials.casapilot.com\/fr\/wp-json\/wp\/v2\/media?parent=7977"}],"curies":[{"name":"wp","href":"https:\/\/api.w.org\/{rel}","templated":true}]}}